{"id":7,"date":"2023-09-01T14:47:42","date_gmt":"2023-09-01T14:47:42","guid":{"rendered":"https:\/\/queijariaminasrio.com.br\/?page_id=7"},"modified":"2023-09-01T15:25:43","modified_gmt":"2023-09-01T15:25:43","slug":"provolones-desidratados-minas-rio","status":"publish","type":"page","link":"https:\/\/queijariaminasrio.com.br\/","title":{"rendered":"Provolones Desidratados Minas Rio"},"content":{"rendered":"<style>\/*! elementor - v3.14.0 - 26-06-2023 *\/\n.elementor-widget-image{text-align:center}.elementor-widget-image a{display:inline-block}.elementor-widget-image a img[src$=\".svg\"]{width:48px}.elementor-widget-image img{vertical-align:middle;display:inline-block}<\/style>\n<p>\t\t\t\t\t\t\t\t\t\t\t\t<img decoding=\"async\" width=\"1024\" height=\"679\" src=\"https:\/\/queijariaminasrio.com.br\/wp-content\/uploads\/2023\/07\/logo-sem-fundo-1024x679.png\" alt=\"Queijaria Minas Rio\" loading=\"lazy\" srcset=\"https:\/\/queijariaminasrio.com.br\/wp-content\/uploads\/2023\/07\/logo-sem-fundo-1024x679.png 1024w, https:\/\/queijariaminasrio.com.br\/wp-content\/uploads\/2023\/07\/logo-sem-fundo-300x199.png 300w, https:\/\/queijariaminasrio.com.br\/wp-content\/uploads\/2023\/07\/logo-sem-fundo-768x510.png 768w, https:\/\/queijariaminasrio.com.br\/wp-content\/uploads\/2023\/07\/logo-sem-fundo.png 1165w\" sizes=\"(max-width: 1024px) 100vw, 1024px\" \/><br \/>\n\t\t\t<a href=\"https:\/\/api.whatsapp.com\/send?phone=5521972189268&#038;text=Tenho%20interesse%20em%20comprar%20os%20Provolones%20Desidratados%20Minas%20Rio\"><br \/>\n\t\t\t\t<svg aria-hidden=\"true\" viewBox=\"0 0 448 512\" xmlns=\"http:\/\/www.w3.org\/2000\/svg\"><path d=\"M380.9 97.1C339 55.1 283.2 32 223.9 32c-122.4 0-222 99.6-222 222 0 39.1 10.2 77.3 29.6 111L0 480l117.7-30.9c32.4 17.7 68.9 27 106.1 27h.1c122.3 0 224.1-99.6 224.1-222 0-59.3-25.2-115-67.1-157zm-157 341.6c-33.2 0-65.7-8.9-94-25.7l-6.7-4-69.8 18.3L72 359.2l-4.4-7c-18.5-29.4-28.2-63.3-28.2-98.2 0-101.7 82.8-184.5 184.6-184.5 49.3 0 95.6 19.2 130.4 54.1 34.8 34.9 56.2 81.2 56.1 130.5 0 101.8-84.9 184.6-186.6 184.6zm101.2-138.2c-5.5-2.8-32.8-16.2-37.9-18-5.1-1.9-8.8-2.8-12.5 2.8-3.7 5.6-14.3 18-17.6 21.8-3.2 3.7-6.5 4.2-12 1.4-32.6-16.3-54-29.1-75.5-66-5.7-9.8 5.7-9.1 16.3-30.3 1.8-3.7.9-6.9-.5-9.7-1.4-2.8-12.5-30.1-17.1-41.2-4.5-10.8-9.1-9.3-12.5-9.5-3.2-.2-6.9-.2-10.6-.2-3.7 0-9.7 1.4-14.8 6.9-5.1 5.6-19.4 19-19.4 46.3 0 27.3 19.9 53.7 22.6 57.4 2.8 3.7 39.1 59.7 94.8 83.8 35.2 15.2 49 16.5 66.6 13.9 10.7-1.6 32.8-13.4 37.4-26.4 4.6-13 4.6-24.1 3.2-26.4-1.3-2.5-5-3.9-10.5-6.6z\"><\/path><\/svg><br \/>\n\t\t\t\t\t\tFale com um Representante<br \/>\n\t\t\t\t\t<\/a><\/p>\n<style>\/*! elementor - v3.14.0 - 26-06-2023 *\/\n.elementor-column .elementor-spacer-inner{height:var(--spacer-size)}.e-con{--container-widget-width:100%}.e-con-inner>.elementor-widget-spacer,.e-con>.elementor-widget-spacer{width:var(--container-widget-width,var(--spacer-size));--align-self:var(--container-widget-align-self,initial);--flex-shrink:0}.e-con-inner>.elementor-widget-spacer>.elementor-widget-container,.e-con-inner>.elementor-widget-spacer>.elementor-widget-container>.elementor-spacer,.e-con>.elementor-widget-spacer>.elementor-widget-container,.e-con>.elementor-widget-spacer>.elementor-widget-container>.elementor-spacer{height:100%}.e-con-inner>.elementor-widget-spacer>.elementor-widget-container>.elementor-spacer>.elementor-spacer-inner,.e-con>.elementor-widget-spacer>.elementor-widget-container>.elementor-spacer>.elementor-spacer-inner{height:var(--container-widget-height,var(--spacer-size))}<\/style>\n<style>\/*! elementor - v3.14.0 - 26-06-2023 *\/\n.elementor-heading-title{padding:0;margin:0;line-height:1}.elementor-widget-heading .elementor-heading-title[class*=elementor-size-]>a{color:inherit;font-size:inherit;line-height:inherit}.elementor-widget-heading .elementor-heading-title.elementor-size-small{font-size:15px}.elementor-widget-heading .elementor-heading-title.elementor-size-medium{font-size:19px}.elementor-widget-heading .elementor-heading-title.elementor-size-large{font-size:29px}.elementor-widget-heading .elementor-heading-title.elementor-size-xl{font-size:39px}.elementor-widget-heading .elementor-heading-title.elementor-size-xxl{font-size:59px}<\/style>\n<h3>Conhe\u00e7a nossa linha de produtos<\/h3>\n<p>\t\t\t\t\t\t\t\t\t\t\t\t\t\t\t<img decoding=\"async\" width=\"400\" height=\"316\" src=\"https:\/\/queijariaminasrio.com.br\/wp-content\/uploads\/2023\/09\/tipo_bola_400.png\" alt=\"Provolone Desidratado tipo Bola\" loading=\"lazy\" srcset=\"https:\/\/queijariaminasrio.com.br\/wp-content\/uploads\/2023\/09\/tipo_bola_400.png 400w, https:\/\/queijariaminasrio.com.br\/wp-content\/uploads\/2023\/09\/tipo_bola_400-300x237.png 300w\" sizes=\"(max-width: 400px) 100vw, 400px\" \/>\t\t\t\t\t\t\t\t\t\t\t\t\t\t\t<\/p>\n<h5>PROVOLONE DESIDRATADO TIPO BOLA<\/h5>\n<p>Essa iguaria \u00e9 o segundo mais vendido por a\u00ed! Se destaca por sua apar\u00eancia, mas encanta pelo sabor leve e aut\u00eantico!<\/p>\n<p>Dispon\u00edvel em potes de 130g e de 85g<\/p>\n<p>Escolha o sabor tradicional ou com ervas finas!<\/p>\n<p>\t\t\t\t\t\t\t\t\t\t\t\t\t\t\t<img decoding=\"async\" width=\"242\" height=\"197\" src=\"https:\/\/queijariaminasrio.com.br\/wp-content\/uploads\/2023\/09\/provolone-1.png\" alt=\"Provolone Desidratado Queijaria Minas Rio\" loading=\"lazy\" \/>\t\t\t\t\t\t\t\t\t\t\t\t\t\t\t<\/p>\n<h5>PROVOLONE DESIDRATADO TRADICIONAL<\/h5>\n<p>O queridinho dos Cariocas! Esse provolone voc\u00ea pode testar, todo mundo ama!<\/p>\n<p>Dispon\u00edvel em potes de 130g e de 85g<\/p>\n<p>Escolha o sabor tradicional, com ervas finas ou com Lemon Pepper!<\/p>\n<p>\t\t\t\t\t\t\t\t\t\t\t\t\t\t\t<img decoding=\"async\" width=\"1024\" height=\"284\" src=\"https:\/\/queijariaminasrio.com.br\/wp-content\/uploads\/2023\/09\/nossos-produtos-1024x284.jpg\" alt=\"Provolones Desidratados com Selo de Inspe\u00e7\u00e3o Estadual RJ\" loading=\"lazy\" srcset=\"https:\/\/queijariaminasrio.com.br\/wp-content\/uploads\/2023\/09\/nossos-produtos-1024x284.jpg 1024w, https:\/\/queijariaminasrio.com.br\/wp-content\/uploads\/2023\/09\/nossos-produtos-300x83.jpg 300w, https:\/\/queijariaminasrio.com.br\/wp-content\/uploads\/2023\/09\/nossos-produtos-768x213.jpg 768w, https:\/\/queijariaminasrio.com.br\/wp-content\/uploads\/2023\/09\/nossos-produtos.jpg 1080w\" sizes=\"(max-width: 1024px) 100vw, 1024px\" \/><\/p>\n","protected":false},"excerpt":{"rendered":"<p>Fale com um Representante Conhe\u00e7a nossa linha de produtos PROVOLONE DESIDRATADO TIPO BOLA Essa iguaria \u00e9 o segundo mais vendido por a\u00ed! Se destaca por sua apar\u00eancia, mas encanta pelo sabor leve e aut\u00eantico! Dispon\u00edvel em potes de 130g e de 85g Escolha o sabor tradicional ou com ervas finas! PROVOLONE DESIDRATADO TRADICIONAL O queridinho [&hellip;]<\/p>\n","protected":false},"author":1,"featured_media":0,"parent":0,"menu_order":0,"comment_status":"closed","ping_status":"closed","template":"elementor_canvas","meta":[],"_links":{"self":[{"href":"https:\/\/queijariaminasrio.com.br\/index.php\/wp-json\/wp\/v2\/pages\/7"}],"collection":[{"href":"https:\/\/queijariaminasrio.com.br\/index.php\/wp-json\/wp\/v2\/pages"}],"about":[{"href":"https:\/\/queijariaminasrio.com.br\/index.php\/wp-json\/wp\/v2\/types\/page"}],"author":[{"embeddable":true,"href":"https:\/\/queijariaminasrio.com.br\/index.php\/wp-json\/wp\/v2\/users\/1"}],"replies":[{"embeddable":true,"href":"https:\/\/queijariaminasrio.com.br\/index.php\/wp-json\/wp\/v2\/comments?post=7"}],"version-history":[{"count":9,"href":"https:\/\/queijariaminasrio.com.br\/index.php\/wp-json\/wp\/v2\/pages\/7\/revisions"}],"predecessor-version":[{"id":29,"href":"https:\/\/queijariaminasrio.com.br\/index.php\/wp-json\/wp\/v2\/pages\/7\/revisions\/29"}],"wp:attachment":[{"href":"https:\/\/queijariaminasrio.com.br\/index.php\/wp-json\/wp\/v2\/media?parent=7"}],"curies":[{"name":"wp","href":"https:\/\/api.w.org\/{rel}","templated":true}]}}